{"id":3419,"date":"2023-03-27T02:42:08","date_gmt":"2023-03-27T02:42:08","guid":{"rendered":"https:\/\/igorribeiro.com.br\/?page_id=3419"},"modified":"2023-03-27T02:44:11","modified_gmt":"2023-03-27T02:44:11","slug":"termos-de-uso","status":"publish","type":"page","link":"https:\/\/igorribeiro.com.br\/es\/terminos-de-uso\/","title":{"rendered":"Terminos de uso"},"content":{"rendered":"<div data-elementor-type=\"wp-page\" data-elementor-id=\"3419\" class=\"elementor elementor-3419\" data-elementor-post-type=\"page\">\n\t\t\t\t\t\t\t\t\t<section class=\"elementor-section elementor-top-section elementor-element elementor-element-21fc5d8b elementor-section-boxed elementor-section-height-default elementor-section-height-default\" data-id=\"21fc5d8b\" data-element_type=\"section\">\n\t\t\t\t\t\t<div class=\"elementor-container elementor-column-gap-default\">\n\t\t\t\t\t<div class=\"elementor-column elementor-col-100 elementor-top-column elementor-element elementor-element-6c908dff\" data-id=\"6c908dff\" data-element_type=\"column\">\n\t\t\t<div class=\"elementor-widget-wrap elementor-element-populated\">\n\t\t\t\t\t\t\t\t<div class=\"elementor-element elementor-element-73217ae elementor-align-left elementor-tablet-align-left elementor-mobile-align-left elementor-widget elementor-widget-button\" data-id=\"73217ae\" data-element_type=\"widget\" data-widget_type=\"button.default\">\n\t\t\t\t<div class=\"elementor-widget-container\">\n\t\t\t\t\t<div class=\"elementor-button-wrapper\">\n\t\t\t<a class=\"elementor-button elementor-button-link elementor-size-sm\" href=\"https:\/\/igorribeiro.com.br\/es\/\">\n\t\t\t\t\t\t<span class=\"elementor-button-content-wrapper\">\n\t\t\t\t\t\t<span class=\"elementor-button-icon elementor-align-icon-left\">\n\t\t\t\t<svg aria-hidden=\"true\" class=\"e-font-icon-svg e-fas-arrow-left\" viewbox=\"0 0 448 512\" xmlns=\"http:\/\/www.w3.org\/2000\/svg\"><path d=\"M257.5 445.1l-22.2 22.2c-9.4 9.4-24.6 9.4-33.9 0L7 273c-9.4-9.4-9.4-24.6 0-33.9L201.4 44.7c9.4-9.4 24.6-9.4 33.9 0l22.2 22.2c9.5 9.5 9.3 25-.4 34.3L136.6 216H424c13.3 0 24 10.7 24 24v32c0 13.3-10.7 24-24 24H136.6l120.5 114.8c9.8 9.3 10 24.8.4 34.3z\"><\/path><\/svg>\t\t\t<\/span>\n\t\t\t\t\t\t<span class=\"elementor-button-text\">Volver al sitio web<\/span>\n\t\t<\/span>\n\t\t\t\t\t<\/a>\n\t\t<\/div>\n\t\t\t\t<\/div>\n\t\t\t\t<\/div>\n\t\t\t\t<div class=\"elementor-element elementor-element-60c5792d elementor-widget elementor-widget-text-editor\" data-id=\"60c5792d\" data-element_type=\"widget\" data-widget_type=\"text-editor.default\">\n\t\t\t\t<div class=\"elementor-widget-container\">\n\t\t\t\t\t\t\t<h2><span style=\"color: #444444;\">1. T\u00e9rminos<\/span><\/h2><p><span style=\"color: #444444;\">Al acceder al sitio web <a href=\"https:\/\/igorribeiro.com.br\/es\/\">Cl\u00ednica IBR | Dr. \u00cdgor Ribeiro<\/a>, usted acepta cumplir con estos t\u00e9rminos de servicio, todas las leyes y regulaciones aplicables, y acepta que es responsable del cumplimiento de las leyes locales aplicables. Si no est\u00e1 de acuerdo con alguno de estos t\u00e9rminos, tiene prohibido usar o acceder a este sitio. Los materiales contenidos en este sitio est\u00e1n protegidos por las leyes de derechos de autor y marcas comerciales aplicables.<\/span><\/p><h2><span style=\"color: #444444;\">2. Uso de licencia<\/span><\/h2><p><span style=\"color: #444444;\">Se concede permiso para descargar temporalmente una copia de los materiales (informaci\u00f3n o software) en IBR Clinic | Dr. Igor Ribeiro, para visionado transitorio personal y no comercial \u00fanicamente. Esta es la concesi\u00f3n de una licencia, no una transferencia de t\u00edtulo, y bajo esta licencia usted no puede:\u00a0<\/span><\/p><ol><li><span style=\"color: #444444;\">modificar o copiar los materiales;\u00a0<\/span><\/li><li><span style=\"color: #444444;\">utilizar los materiales para cualquier fin comercial o para exhibici\u00f3n p\u00fablica (comercial o no comercial);\u00a0<\/span><\/li><li><span style=\"color: #444444;\">intentar descompilar o aplicar ingenier\u00eda inversa a cualquier software contenido en IBR Clinic | Dr. Igor Ribeiro;\u00a0<\/span><\/li><li><span style=\"color: #444444;\">eliminar cualquier copyright u otras anotaciones de propiedad de los materiales; o\u00a0<\/span><\/li><li><span style=\"color: #444444;\">transferir los materiales a otra persona o &quot;replicar&quot; los materiales en cualquier otro servidor.<\/span><\/li><\/ol><p><span style=\"color: #444444;\">Esta licencia finalizar\u00e1 autom\u00e1ticamente si usted viola cualquiera de estas restricciones y puede ser cancelada por IBR Clinic | Dr. Igor Ribeiro en cualquier momento. Al finalizar la visualizaci\u00f3n de estos materiales o al finalizar esta licencia, debe eliminar cualquier material descargado que tenga en su poder, ya sea en formato electr\u00f3nico o impreso.<\/span><\/p><h2><span style=\"color: #444444;\">3. Descargo de responsabilidad<\/span><\/h2><ol><li><span style=\"color: #444444;\">Los materiales en el sitio web de la Cl\u00ednica IBR | Dr. Igor Ribeiro se proporcionan &quot;tal cual&quot;. Cl\u00ednica IBR | El Dr. Igor Ribeiro no ofrece garant\u00edas, expresas o impl\u00edcitas, y por la presente renuncia y niega todas las dem\u00e1s garant\u00edas, incluidas, entre otras, garant\u00edas impl\u00edcitas o condiciones de comerciabilidad, idoneidad para un prop\u00f3sito particular o no infracci\u00f3n de propiedad intelectual u otra violaci\u00f3n de derechos.<\/span><\/li><li><span style=\"color: #444444;\">Adem\u00e1s, la Cl\u00ednica IBR | El Dr. Igor Ribeiro no garantiza ni hace ninguna declaraci\u00f3n con respecto a la exactitud, los resultados probables o la confiabilidad del uso de los materiales en su sitio web o de otro modo en relaci\u00f3n con dichos materiales o en cualquier sitio vinculado a este sitio.<\/span><\/li><\/ol><h2><span style=\"color: #444444;\">4. Limitaciones<\/span><\/h2><p><span style=\"color: #444444;\">Bajo ninguna circunstancia Cl\u00ednica IBR | El Dr. Igor Ribeiro o sus proveedores ser\u00e1n responsables de cualquier da\u00f1o (incluidos, entre otros, da\u00f1os por p\u00e9rdida de datos o ganancias, o debido a interrupci\u00f3n del negocio) que surjan del uso o la imposibilidad de usar los materiales en IBR Clinic | Dr. Igor Ribeiro, igual que Cl\u00ednica IBR | Dr. Igor Ribeiro o un representante autorizado de Cl\u00ednica IBR | El Dr. Igor Ribeiro ha sido notificado verbalmente o por escrito de la posibilidad de tales da\u00f1os. Debido a que algunas jurisdicciones no permiten limitaciones a las garant\u00edas impl\u00edcitas o limitaciones de responsabilidad por da\u00f1os consecuentes o incidentales, es posible que estas limitaciones no se apliquen a usted.<\/span><\/p><h2><span style=\"color: #444444;\">5. Precisi\u00f3n de materiales<\/span><\/h2><p><span style=\"color: #444444;\">Los materiales expuestos en la Cl\u00ednica IBR | Dr. Igor Ribeiro puede incluir errores t\u00e9cnicos, tipogr\u00e1ficos o fotogr\u00e1ficos. Cl\u00ednica IBR | El Dr. Igor Ribeiro no garantiza que ning\u00fan material en su sitio web sea exacto, completo o actual. Cl\u00ednica IBR | El Dr. Igor Ribeiro puede realizar cambios en los materiales contenidos en su sitio web en cualquier momento sin previo aviso. Sin embargo, Cl\u00ednica IBR | El Dr. Igor Ribeiro no asume ning\u00fan compromiso de actualizaci\u00f3n de los materiales.<\/span><\/p><h2><span style=\"color: #444444;\">6. Enlaces<\/span><\/h2><p><span style=\"color: #444444;\">La Cl\u00ednica IBR | El Dr. Igor Ribeiro no ha revisado todos los sitios vinculados a su sitio web y no es responsable del contenido de ning\u00fan sitio vinculado. La inclusi\u00f3n de cualquier enlace no implica aprobaci\u00f3n por parte de Cl\u00ednica IBR | Dr. Igor Ribeiro del sitio web. El uso de cualquier sitio vinculado es bajo el propio riesgo del usuario.<\/span><\/p><p>\u00a0<\/p><h3><span style=\"color: #444444;\">Modificaciones<\/span><\/h3><p><span style=\"color: #444444;\">La Cl\u00ednica IBR | El Dr. Igor Ribeiro puede revisar estos t\u00e9rminos de servicio de su sitio web en cualquier momento sin previo aviso. Al utilizar este sitio web, usted acepta estar sujeto a la versi\u00f3n actual de estos t\u00e9rminos de servicio.<\/span><\/p><h3><span style=\"color: #444444;\">Ley aplicable<\/span><\/h3><p><span style=\"color: #444444;\">Estos t\u00e9rminos y condiciones se rigen e interpretan de acuerdo con las leyes de IBR Clinic | Dr. Igor Ribeiro y usted se someten irrevocablemente a la jurisdicci\u00f3n exclusiva de los tribunales de ese Estado o ubicaci\u00f3n.<\/span><\/p>\t\t\t\t\t\t<\/div>\n\t\t\t\t<\/div>\n\t\t\t\t\t<\/div>\n\t\t<\/div>\n\t\t\t\t\t\t\t<\/div>\n\t\t<\/section>\n\t\t\t\t\t\t\t<\/div>","protected":false},"excerpt":{"rendered":"<p>Volver al sitio web 1. T\u00e9rminos. Al acceder al sitio web de la Cl\u00ednica IBR | Dr. Igor Ribeiro, usted acepta cumplir con estos t\u00e9rminos de servicio, todas las leyes y regulaciones aplicables, y se responsabiliza del cumplimiento de todas las leyes locales aplicables. Si no acepta alguno de estos t\u00e9rminos, se le proh\u00edbe usar o acceder a [\u2026]<\/p>","protected":false},"author":1,"featured_media":0,"parent":0,"menu_order":0,"comment_status":"closed","ping_status":"closed","template":"elementor_canvas","meta":{"_lmt_disableupdate":"","_lmt_disable":"","footnotes":""},"class_list":["post-3419","page","type-page","status-publish","hentry","entry"],"jetpack_sharing_enabled":true,"_links":{"self":[{"href":"https:\/\/igorribeiro.com.br\/es\/wp-json\/wp\/v2\/pages\/3419","targetHints":{"allow":["GET"]}}],"collection":[{"href":"https:\/\/igorribeiro.com.br\/es\/wp-json\/wp\/v2\/pages"}],"about":[{"href":"https:\/\/igorribeiro.com.br\/es\/wp-json\/wp\/v2\/types\/page"}],"author":[{"embeddable":true,"href":"https:\/\/igorribeiro.com.br\/es\/wp-json\/wp\/v2\/users\/1"}],"replies":[{"embeddable":true,"href":"https:\/\/igorribeiro.com.br\/es\/wp-json\/wp\/v2\/comments?post=3419"}],"version-history":[{"count":10,"href":"https:\/\/igorribeiro.com.br\/es\/wp-json\/wp\/v2\/pages\/3419\/revisions"}],"predecessor-version":[{"id":3432,"href":"https:\/\/igorribeiro.com.br\/es\/wp-json\/wp\/v2\/pages\/3419\/revisions\/3432"}],"wp:attachment":[{"href":"https:\/\/igorribeiro.com.br\/es\/wp-json\/wp\/v2\/media?parent=3419"}],"curies":[{"name":"wp","href":"https:\/\/api.w.org\/{rel}","templated":true}]}}