{"id":3875,"date":"2023-09-17T01:41:28","date_gmt":"2023-09-17T01:41:28","guid":{"rendered":"https:\/\/igorribeiro.com.br\/?page_id=3875"},"modified":"2023-09-17T01:43:27","modified_gmt":"2023-09-17T01:43:27","slug":"contato","status":"publish","type":"page","link":"https:\/\/igorribeiro.com.br\/it\/contato\/","title":{"rendered":"Contato"},"content":{"rendered":"<h2 class=\"wp-block-heading has-text-align-center\">Envie-nos\u00a0uma mensagem no WhatsApp.<\/h2>\n\n\n\n<h2 class=\"wp-block-heading has-text-align-center\">Clique no bot\u00e3o abaixo<\/h2>\n\n\n\n<div class=\"wp-block-jetpack-send-a-message\">\n<div class=\"wp-block-jetpack-whatsapp-button aligncenter is-color-dark\"><a class=\"whatsapp-block__button\" href=\"https:\/\/api.whatsapp.com\/send?phone=5585988991112&amp;text=Oi%2C%20vim%20pelo%20site%20do%20Dr.%20Igor%20Ribeiro%20e%20gostaria%20de\" style=\"background-color:#25D366;color:#fff\" target=\"_blank\" rel=\"noopener noreferrer\">Conversar no WhatsApp<\/a><\/div>\n<\/div>\n\n\n\n<h3 class=\"wp-block-heading has-text-align-center\"><a class=\"\" href=\"https:\/\/api.whatsapp.com\/send?phone=5585988991112&amp;text=Ol%C3%A1%20vim%20pelo%20site%20odontoesteticabillrola\" target=\"_blank\" rel=\"noreferrer noopener\"><\/a>D\u00favidas? Agendamento de um hor\u00e1rio?<\/h3>\n\n\n\n<p class=\"has-text-align-center\">\u00a0Estamos aqui para ajudar. <\/p>\n\n\n\n<p class=\"has-text-align-center\">Envie-nos uma mensagem e n\u00f3s entraremos em contato o mais breve.<\/p>\n\n\n<div class=\"rank-math-contact-info show-name show-email show-person_phone show-address\"><div class=\"rank-math-contact-section rank-math-contact-name\">\t\t<h4 class=\"rank-math-name\">\n\t\t\t<a href=\"https:\/\/igorribeiro.com.br\/it\/\">Dott. Igor Ribeiro | Armonizzazione del viso e faccette dentali a Fortaleza | Botox | Clinica estetica<\/a>\n\t\t<\/h4>\n\t\t<\/div><div class=\"rank-math-contact-section rank-math-contact-email\">\t\t<div class=\"rank-math-email\">\n\t\t\t<label>Email:<\/label>\n\t\t\t<a href=\"mailto:clinicabillrola@gmail.com\">clinicabillrola@gmail.com<\/a>\n\t\t<\/div>\n\t\t<\/div><div class=\"rank-math-contact-section rank-math-contact-person_phone\">\t\t\t<div class=\"rank-math-phone-numberx\">\n\t\t\t\t<label>Telefono:<\/label>\n\t\t\t\t<span><a href=\"tel:\/\/(85) 98899-1112\" target=\"_blank\">(85) 98899-1112<\/a><\/span>\n\t\t\t<\/div>\n\t\t<\/div><div class=\"rank-math-contact-section rank-math-contact-address\">\t\t<label>Indirizzo:<\/label>\n\t\t<address>\n\t\t\t<span class=\"contact-address-address\">R. Des. Lauro Nogueira, 1500<\/span> <span class=\"contact-address-locality\">Forza<\/span>, <span class=\"contact-address-region\">CE<\/span> <span class=\"contact-address-postalcode\">60176-065<\/span>\t\t<\/address>\n\t\t<\/div><\/div><div class=\"clear\"><\/div>","protected":false},"excerpt":{"rendered":"<p>Envie-nos\u00a0uma mensagem no WhatsApp. Clique no bot\u00e3o abaixo D\u00favidas? Agendamento de um hor\u00e1rio? \u00a0Estamos aqui para ajudar. Envie-nos uma mensagem e n\u00f3s entraremos em contato o mais breve.<\/p>","protected":false},"author":1,"featured_media":0,"parent":0,"menu_order":0,"comment_status":"closed","ping_status":"closed","template":"","meta":{"_lmt_disableupdate":"","_lmt_disable":"","footnotes":""},"class_list":["post-3875","page","type-page","status-publish","hentry","entry"],"jetpack_sharing_enabled":true,"_links":{"self":[{"href":"https:\/\/igorribeiro.com.br\/it\/wp-json\/wp\/v2\/pages\/3875","targetHints":{"allow":["GET"]}}],"collection":[{"href":"https:\/\/igorribeiro.com.br\/it\/wp-json\/wp\/v2\/pages"}],"about":[{"href":"https:\/\/igorribeiro.com.br\/it\/wp-json\/wp\/v2\/types\/page"}],"author":[{"embeddable":true,"href":"https:\/\/igorribeiro.com.br\/it\/wp-json\/wp\/v2\/users\/1"}],"replies":[{"embeddable":true,"href":"https:\/\/igorribeiro.com.br\/it\/wp-json\/wp\/v2\/comments?post=3875"}],"version-history":[{"count":2,"href":"https:\/\/igorribeiro.com.br\/it\/wp-json\/wp\/v2\/pages\/3875\/revisions"}],"predecessor-version":[{"id":3877,"href":"https:\/\/igorribeiro.com.br\/it\/wp-json\/wp\/v2\/pages\/3875\/revisions\/3877"}],"wp:attachment":[{"href":"https:\/\/igorribeiro.com.br\/it\/wp-json\/wp\/v2\/media?parent=3875"}],"curies":[{"name":"wp","href":"https:\/\/api.w.org\/{rel}","templated":true}]}}